{"id":4650,"date":"2026-05-05T17:39:36","date_gmt":"2026-05-05T15:39:36","guid":{"rendered":"https:\/\/www.materielmedical44.fr\/?page_id=4650"},"modified":"2026-05-05T17:59:01","modified_gmt":"2026-05-05T15:59:01","slug":"politique-de-confidentialite-2","status":"publish","type":"page","link":"https:\/\/www.materielmedical44.fr\/?page_id=4650","title":{"rendered":"Politique de confidentialit\u00e9 \u2013 Mat\u00e9riel M\u00e9dical 44 \u00e0 Nantes"},"content":{"rendered":"<h2 data-section-id=\"17jvec0\" data-start=\"211\" data-end=\"273\">Politique de confidentialit\u00e9 \u2013 Mat\u00e9riel M\u00e9dical 44 \u00e0 Nantes<\/h2>\n<p>&nbsp;<\/p>\n<h3 data-section-id=\"rnsh7d\" data-start=\"275\" data-end=\"296\">1. Introduction<\/h3>\n<p data-start=\"297\" data-end=\"413\">Bienvenue sur le site de <strong data-start=\"322\" data-end=\"345\">Mat\u00e9riel M\u00e9dical 44<\/strong>, sp\u00e9cialiste du mat\u00e9riel m\u00e9dical \u00e0 Nantes et en Loire-Atlantique.<\/p>\n<p data-start=\"415\" data-end=\"584\">Nous nous engageons \u00e0 prot\u00e9ger vos <strong data-start=\"450\" data-end=\"474\">donn\u00e9es personnelles<\/strong>, en particulier vos <strong data-start=\"495\" data-end=\"515\">donn\u00e9es de sant\u00e9<\/strong>, dans le respect du <strong data-start=\"536\" data-end=\"544\">RGPD<\/strong> et du <strong data-start=\"551\" data-end=\"583\">secret professionnel m\u00e9dical<\/strong>.<\/p>\n<hr data-start=\"586\" data-end=\"589\" \/>\n<h3 data-section-id=\"1dxmds7\" data-start=\"591\" data-end=\"631\">2. Donn\u00e9es personnelles collect\u00e9es<\/h3>\n<p data-start=\"632\" data-end=\"744\">Dans le cadre de notre activit\u00e9 de vente et de location de mat\u00e9riel m\u00e9dical \u00e0 Nantes, nous pouvons collecter :<\/p>\n<ul data-start=\"745\" data-end=\"965\">\n<li data-section-id=\"xq2hqq\" data-start=\"745\" data-end=\"762\">Nom et pr\u00e9nom<\/li>\n<li data-section-id=\"1gxoeyl\" data-start=\"763\" data-end=\"827\">Adresse postale (Nantes, Loire-Atlantique, Pays de la Loire)<\/li>\n<li data-section-id=\"1i4i4ky\" data-start=\"828\" data-end=\"860\">Num\u00e9ro de t\u00e9l\u00e9phone et email<\/li>\n<li data-section-id=\"1rvtc68\" data-start=\"861\" data-end=\"916\">Donn\u00e9es de sant\u00e9 n\u00e9cessaires \u00e0 l\u2019\u00e9quipement m\u00e9dical<\/li>\n<li data-section-id=\"gy890h\" data-start=\"917\" data-end=\"965\">Informations de s\u00e9curit\u00e9 sociale ou mutuelle<\/li>\n<\/ul>\n<p data-start=\"967\" data-end=\"1064\">Ces donn\u00e9es sont collect\u00e9es uniquement dans le cadre de la fourniture de mat\u00e9riel m\u00e9dical adapt\u00e9.<\/p>\n<hr data-start=\"1066\" data-end=\"1069\" \/>\n<h3 data-section-id=\"opaa7y\" data-start=\"1071\" data-end=\"1103\">3. Utilisation des donn\u00e9es<\/h3>\n<p data-start=\"1104\" data-end=\"1152\">Les donn\u00e9es personnelles sont utilis\u00e9es pour :<\/p>\n<ul data-start=\"1153\" data-end=\"1358\">\n<li data-section-id=\"t7etcc\" data-start=\"1153\" data-end=\"1222\">La livraison de mat\u00e9riel m\u00e9dical \u00e0 domicile \u00e0 Nantes et alentours<\/li>\n<li data-section-id=\"1gq9lo8\" data-start=\"1223\" data-end=\"1259\">Le suivi des patients et clients<\/li>\n<li data-section-id=\"8ihgb3\" data-start=\"1260\" data-end=\"1304\">La gestion administrative et facturation<\/li>\n<li data-section-id=\"15cdzwb\" data-start=\"1305\" data-end=\"1358\">L\u2019accompagnement personnalis\u00e9 en mat\u00e9riel m\u00e9dical<\/li>\n<\/ul>\n<hr data-start=\"1360\" data-end=\"1363\" \/>\n<h3 data-section-id=\"17wcjwc\" data-start=\"1365\" data-end=\"1413\">4. Confidentialit\u00e9 et secret professionnel<\/h3>\n<p data-start=\"1414\" data-end=\"1463\">En tant que professionnel du mat\u00e9riel m\u00e9dical :<\/p>\n<ul data-start=\"1464\" data-end=\"1670\">\n<li data-section-id=\"5tq64e\" data-start=\"1464\" data-end=\"1531\">Nous respectons strictement le <strong data-start=\"1497\" data-end=\"1529\">secret professionnel m\u00e9dical<\/strong><\/li>\n<li data-section-id=\"fv5drq\" data-start=\"1532\" data-end=\"1609\">Les donn\u00e9es de sant\u00e9 sont trait\u00e9es de mani\u00e8re confidentielle et s\u00e9curis\u00e9e<\/li>\n<li data-section-id=\"1wik7vy\" data-start=\"1610\" data-end=\"1670\">Seul le personnel autoris\u00e9 peut acc\u00e9der aux informations<\/li>\n<\/ul>\n<p data-start=\"1672\" data-end=\"1761\">Aucune donn\u00e9e m\u00e9dicale ne sera transmise sans votre consentement, sauf obligation l\u00e9gale.<\/p>\n<hr data-start=\"1763\" data-end=\"1766\" \/>\n<h3 data-section-id=\"jt0u1d\" data-start=\"1768\" data-end=\"1806\">5. S\u00e9curit\u00e9 des donn\u00e9es de sant\u00e9<\/h3>\n<p data-start=\"1807\" data-end=\"1867\">Nous mettons en place des mesures de s\u00e9curit\u00e9 renforc\u00e9es :<\/p>\n<ul data-start=\"1868\" data-end=\"2018\">\n<li data-section-id=\"1lhrg7b\" data-start=\"1868\" data-end=\"1904\">H\u00e9bergement s\u00e9curis\u00e9 des donn\u00e9es<\/li>\n<li data-section-id=\"d0pzeu\" data-start=\"1905\" data-end=\"1924\">Acc\u00e8s restreint<\/li>\n<li data-section-id=\"16scarx\" data-start=\"1925\" data-end=\"1964\">Protection contre les cyberattaques<\/li>\n<li data-section-id=\"1kczwrm\" data-start=\"1965\" data-end=\"2018\">Sensibilisation du personnel \u00e0 la confidentialit\u00e9<\/li>\n<\/ul>\n<hr data-start=\"2020\" data-end=\"2023\" \/>\n<h3 data-section-id=\"1yz88sd\" data-start=\"2025\" data-end=\"2055\">6. Dur\u00e9e de conservation<\/h3>\n<p data-start=\"2056\" data-end=\"2120\">Les donn\u00e9es sont conserv\u00e9es conform\u00e9ment \u00e0 la r\u00e9glementation :<\/p>\n<ul data-start=\"2121\" data-end=\"2231\">\n<li data-section-id=\"fu39he\" data-start=\"2121\" data-end=\"2167\">Donn\u00e9es clients : dur\u00e9e l\u00e9gale obligatoire<\/li>\n<li data-section-id=\"g7tfhv\" data-start=\"2168\" data-end=\"2231\">Donn\u00e9es de sant\u00e9 : selon les obligations du secteur m\u00e9dical<\/li>\n<\/ul>\n<hr data-start=\"2233\" data-end=\"2236\" \/>\n<h3 data-section-id=\"duxze5\" data-start=\"2238\" data-end=\"2266\">7. Partage des donn\u00e9es<\/h3>\n<p data-start=\"2267\" data-end=\"2319\">Vos donn\u00e9es peuvent \u00eatre transmises uniquement \u00e0 :<\/p>\n<ul data-start=\"2320\" data-end=\"2450\">\n<li data-section-id=\"1w6n5oy\" data-start=\"2320\" data-end=\"2361\">Professionnels de sant\u00e9 (avec accord)<\/li>\n<li data-section-id=\"177tkrr\" data-start=\"2362\" data-end=\"2396\">Organismes d\u2019assurance maladie<\/li>\n<li data-section-id=\"ua44zm\" data-start=\"2397\" data-end=\"2410\">Mutuelles<\/li>\n<li data-section-id=\"gch8q6\" data-start=\"2411\" data-end=\"2450\">Autorit\u00e9s administratives si requis<\/li>\n<\/ul>\n<hr data-start=\"2452\" data-end=\"2455\" \/>\n<h3 data-section-id=\"1ffo37w\" data-start=\"2457\" data-end=\"2481\">8. Vos droits RGPD<\/h3>\n<p data-start=\"2482\" data-end=\"2519\">Vous disposez des droits suivants :<\/p>\n<ul data-start=\"2520\" data-end=\"2622\">\n<li data-section-id=\"1no2ei4\" data-start=\"2520\" data-end=\"2543\">Acc\u00e8s \u00e0 vos donn\u00e9es<\/li>\n<li data-section-id=\"rferdc\" data-start=\"2544\" data-end=\"2561\">Rectification<\/li>\n<li data-section-id=\"xt1tbl\" data-start=\"2562\" data-end=\"2577\">Suppression<\/li>\n<li data-section-id=\"uvo51z\" data-start=\"2578\" data-end=\"2606\">Opposition au traitement<\/li>\n<li data-section-id=\"1wxwnr7\" data-start=\"2607\" data-end=\"2622\">Portabilit\u00e9<\/li>\n<\/ul>\n<p data-start=\"2624\" data-end=\"2688\">Pour exercer vos droits :<br data-start=\"2649\" data-end=\"2652\" \/>\ud83d\udce7 Contact :<strong> materielmedical44@gmail.com<\/strong><\/p>\n<hr data-start=\"2690\" data-end=\"2693\" \/>\n<h3 data-section-id=\"3xof3x\" data-start=\"2695\" data-end=\"2725\">9. Cookies et navigation<\/h3>\n<p data-start=\"2726\" data-end=\"2830\">Le site utilise des cookies pour am\u00e9liorer l\u2019exp\u00e9rience utilisateur et optimiser le r\u00e9f\u00e9rencement SEO.<\/p>\n<hr data-start=\"2832\" data-end=\"2835\" \/>\n<h3 data-section-id=\"1rgqbj2\" data-start=\"2837\" data-end=\"2876\">10. Contact \u2013 Mat\u00e9riel M\u00e9dical 44<\/h3>\n<p data-start=\"2877\" data-end=\"2976\">Sp\u00e9cialiste du mat\u00e9riel m\u00e9dical \u00e0 Nantes<br data-start=\"2917\" data-end=\"2920\" \/>\ud83d\udccd Loire-Atlantique (44) 3 impasse Sirius, 44470 Carquefou<br data-start=\"2944\" data-end=\"2947\" \/>\ud83d\udcde 02 40 50 52 91<br data-start=\"2961\" data-end=\"2964\" \/>\ud83d\udce7 materielmedical44@gmail.com<\/p>\n","protected":false},"excerpt":{"rendered":"<p>Politique de confidentialit\u00e9 \u2013 Mat\u00e9riel M\u00e9dical 44 \u00e0 Nantes &nbsp; 1. Introduction Bienvenue sur le site de Mat\u00e9riel M\u00e9dical 44, sp\u00e9cialiste du mat\u00e9riel m\u00e9dical \u00e0 Nantes et en Loire-Atlantique. Nous nous engageons \u00e0 prot\u00e9ger vos donn\u00e9es personnelles, en particulier vos donn\u00e9es de sant\u00e9, dans le respect du RGPD et du secret professionnel m\u00e9dical. 2. Donn\u00e9es [&hellip;]<\/p>\n","protected":false},"author":4,"featured_media":0,"parent":0,"menu_order":0,"comment_status":"closed","ping_status":"closed","template":"","meta":{"footnotes":""},"class_list":["post-4650","page","type-page","status-publish","hentry"],"yoast_head":"<!-- This site is optimized with the Yoast SEO plugin v27.5 - https:\/\/yoast.com\/product\/yoast-seo-wordpress\/ -->\n<title>Politique de confidentialit\u00e9 \u2013 Mat\u00e9riel M\u00e9dical 44 \u00e0 Nantes - Mat\u00e9riel M\u00e9dical 44<\/title>\n<meta name=\"description\" content=\"D\u00e9couvrez la politique de confidentialit\u00e9 de Mat\u00e9riel M\u00e9dical 44 \u00e0 Nantes : gestion des donn\u00e9es de sant\u00e9, s\u00e9curit\u00e9, RGPD et secret professionnel en Loire-Atlantique.\" \/>\n<meta name=\"robots\" content=\"index, follow, max-snippet:-1, max-image-preview:large, max-video-preview:-1\" \/>\n<link rel=\"canonical\" href=\"https:\/\/www.materielmedical44.fr\/?page_id=4650\" \/>\n<meta property=\"og:locale\" content=\"fr_FR\" \/>\n<meta property=\"og:type\" content=\"article\" \/>\n<meta property=\"og:title\" content=\"Politique de confidentialit\u00e9 \u2013 Mat\u00e9riel M\u00e9dical 44 \u00e0 Nantes - Mat\u00e9riel M\u00e9dical 44\" \/>\n<meta property=\"og:description\" content=\"D\u00e9couvrez la politique de confidentialit\u00e9 de Mat\u00e9riel M\u00e9dical 44 \u00e0 Nantes : gestion des donn\u00e9es de sant\u00e9, s\u00e9curit\u00e9, RGPD et secret professionnel en Loire-Atlantique.\" \/>\n<meta property=\"og:url\" content=\"https:\/\/www.materielmedical44.fr\/?page_id=4650\" \/>\n<meta property=\"og:site_name\" content=\"Mat\u00e9riel M\u00e9dical 44\" \/>\n<meta property=\"article:modified_time\" content=\"2026-05-05T15:59:01+00:00\" \/>\n<meta name=\"twitter:card\" content=\"summary_large_image\" \/>\n<meta name=\"twitter:label1\" content=\"Dur\u00e9e de lecture estim\u00e9e\" \/>\n\t<meta name=\"twitter:data1\" content=\"2 minutes\" \/>\n<script type=\"application\/ld+json\" class=\"yoast-schema-graph\">{\"@context\":\"https:\\\/\\\/schema.org\",\"@graph\":[{\"@type\":\"WebPage\",\"@id\":\"https:\\\/\\\/www.materielmedical44.fr\\\/?page_id=4650\",\"url\":\"https:\\\/\\\/www.materielmedical44.fr\\\/?page_id=4650\",\"name\":\"Politique de confidentialit\u00e9 \u2013 Mat\u00e9riel M\u00e9dical 44 \u00e0 Nantes - Mat\u00e9riel M\u00e9dical 44\",\"isPartOf\":{\"@id\":\"https:\\\/\\\/www.materielmedical44.fr\\\/#website\"},\"datePublished\":\"2026-05-05T15:39:36+00:00\",\"dateModified\":\"2026-05-05T15:59:01+00:00\",\"description\":\"D\u00e9couvrez la politique de confidentialit\u00e9 de Mat\u00e9riel M\u00e9dical 44 \u00e0 Nantes : gestion des donn\u00e9es de sant\u00e9, s\u00e9curit\u00e9, RGPD et secret professionnel en Loire-Atlantique.\",\"breadcrumb\":{\"@id\":\"https:\\\/\\\/www.materielmedical44.fr\\\/?page_id=4650#breadcrumb\"},\"inLanguage\":\"fr-FR\",\"potentialAction\":[{\"@type\":\"ReadAction\",\"target\":[\"https:\\\/\\\/www.materielmedical44.fr\\\/?page_id=4650\"]}]},{\"@type\":\"BreadcrumbList\",\"@id\":\"https:\\\/\\\/www.materielmedical44.fr\\\/?page_id=4650#breadcrumb\",\"itemListElement\":[{\"@type\":\"ListItem\",\"position\":1,\"name\":\"Accueil\",\"item\":\"https:\\\/\\\/www.materielmedical44.fr\\\/?page_id=330\"},{\"@type\":\"ListItem\",\"position\":2,\"name\":\"Politique de confidentialit\u00e9 \u2013 Mat\u00e9riel M\u00e9dical 44 \u00e0 Nantes\"}]},{\"@type\":\"WebSite\",\"@id\":\"https:\\\/\\\/www.materielmedical44.fr\\\/#website\",\"url\":\"https:\\\/\\\/www.materielmedical44.fr\\\/\",\"name\":\"Mat\u00e9riel M\u00e9dical 44\",\"description\":\"Location et vente de mat\u00e9riel m\u00e9dical\",\"potentialAction\":[{\"@type\":\"SearchAction\",\"target\":{\"@type\":\"EntryPoint\",\"urlTemplate\":\"https:\\\/\\\/www.materielmedical44.fr\\\/?s={search_term_string}\"},\"query-input\":{\"@type\":\"PropertyValueSpecification\",\"valueRequired\":true,\"valueName\":\"search_term_string\"}}],\"inLanguage\":\"fr-FR\"}]}<\/script>\n<!-- \/ Yoast SEO plugin. -->","yoast_head_json":{"title":"Politique de confidentialit\u00e9 \u2013 Mat\u00e9riel M\u00e9dical 44 \u00e0 Nantes - Mat\u00e9riel M\u00e9dical 44","description":"D\u00e9couvrez la politique de confidentialit\u00e9 de Mat\u00e9riel M\u00e9dical 44 \u00e0 Nantes : gestion des donn\u00e9es de sant\u00e9, s\u00e9curit\u00e9, RGPD et secret professionnel en Loire-Atlantique.","robots":{"index":"index","follow":"follow","max-snippet":"max-snippet:-1","max-image-preview":"max-image-preview:large","max-video-preview":"max-video-preview:-1"},"canonical":"https:\/\/www.materielmedical44.fr\/?page_id=4650","og_locale":"fr_FR","og_type":"article","og_title":"Politique de confidentialit\u00e9 \u2013 Mat\u00e9riel M\u00e9dical 44 \u00e0 Nantes - Mat\u00e9riel M\u00e9dical 44","og_description":"D\u00e9couvrez la politique de confidentialit\u00e9 de Mat\u00e9riel M\u00e9dical 44 \u00e0 Nantes : gestion des donn\u00e9es de sant\u00e9, s\u00e9curit\u00e9, RGPD et secret professionnel en Loire-Atlantique.","og_url":"https:\/\/www.materielmedical44.fr\/?page_id=4650","og_site_name":"Mat\u00e9riel M\u00e9dical 44","article_modified_time":"2026-05-05T15:59:01+00:00","twitter_card":"summary_large_image","twitter_misc":{"Dur\u00e9e de lecture estim\u00e9e":"2 minutes"},"schema":{"@context":"https:\/\/schema.org","@graph":[{"@type":"WebPage","@id":"https:\/\/www.materielmedical44.fr\/?page_id=4650","url":"https:\/\/www.materielmedical44.fr\/?page_id=4650","name":"Politique de confidentialit\u00e9 \u2013 Mat\u00e9riel M\u00e9dical 44 \u00e0 Nantes - Mat\u00e9riel M\u00e9dical 44","isPartOf":{"@id":"https:\/\/www.materielmedical44.fr\/#website"},"datePublished":"2026-05-05T15:39:36+00:00","dateModified":"2026-05-05T15:59:01+00:00","description":"D\u00e9couvrez la politique de confidentialit\u00e9 de Mat\u00e9riel M\u00e9dical 44 \u00e0 Nantes : gestion des donn\u00e9es de sant\u00e9, s\u00e9curit\u00e9, RGPD et secret professionnel en Loire-Atlantique.","breadcrumb":{"@id":"https:\/\/www.materielmedical44.fr\/?page_id=4650#breadcrumb"},"inLanguage":"fr-FR","potentialAction":[{"@type":"ReadAction","target":["https:\/\/www.materielmedical44.fr\/?page_id=4650"]}]},{"@type":"BreadcrumbList","@id":"https:\/\/www.materielmedical44.fr\/?page_id=4650#breadcrumb","itemListElement":[{"@type":"ListItem","position":1,"name":"Accueil","item":"https:\/\/www.materielmedical44.fr\/?page_id=330"},{"@type":"ListItem","position":2,"name":"Politique de confidentialit\u00e9 \u2013 Mat\u00e9riel M\u00e9dical 44 \u00e0 Nantes"}]},{"@type":"WebSite","@id":"https:\/\/www.materielmedical44.fr\/#website","url":"https:\/\/www.materielmedical44.fr\/","name":"Mat\u00e9riel M\u00e9dical 44","description":"Location et vente de mat\u00e9riel m\u00e9dical","potentialAction":[{"@type":"SearchAction","target":{"@type":"EntryPoint","urlTemplate":"https:\/\/www.materielmedical44.fr\/?s={search_term_string}"},"query-input":{"@type":"PropertyValueSpecification","valueRequired":true,"valueName":"search_term_string"}}],"inLanguage":"fr-FR"}]}},"_links":{"self":[{"href":"https:\/\/www.materielmedical44.fr\/index.php?rest_route=\/wp\/v2\/pages\/4650","targetHints":{"allow":["GET"]}}],"collection":[{"href":"https:\/\/www.materielmedical44.fr\/index.php?rest_route=\/wp\/v2\/pages"}],"about":[{"href":"https:\/\/www.materielmedical44.fr\/index.php?rest_route=\/wp\/v2\/types\/page"}],"author":[{"embeddable":true,"href":"https:\/\/www.materielmedical44.fr\/index.php?rest_route=\/wp\/v2\/users\/4"}],"replies":[{"embeddable":true,"href":"https:\/\/www.materielmedical44.fr\/index.php?rest_route=%2Fwp%2Fv2%2Fcomments&post=4650"}],"version-history":[{"count":5,"href":"https:\/\/www.materielmedical44.fr\/index.php?rest_route=\/wp\/v2\/pages\/4650\/revisions"}],"predecessor-version":[{"id":5320,"href":"https:\/\/www.materielmedical44.fr\/index.php?rest_route=\/wp\/v2\/pages\/4650\/revisions\/5320"}],"wp:attachment":[{"href":"https:\/\/www.materielmedical44.fr\/index.php?rest_route=%2Fwp%2Fv2%2Fmedia&parent=4650"}],"curies":[{"name":"wp","href":"https:\/\/api.w.org\/{rel}","templated":true}]}}